{"id":1161,"date":"2025-08-29T13:39:04","date_gmt":"2025-08-29T11:39:04","guid":{"rendered":"https:\/\/ammco.be\/?page_id=1161"},"modified":"2025-08-29T14:53:12","modified_gmt":"2025-08-29T12:53:12","slug":"newsroom","status":"publish","type":"page","link":"https:\/\/ammco.be\/nl\/newsroom\/","title":{"rendered":"NEWSROOM"},"content":{"rendered":"\n<div style=\"font-family: Arial, sans-serif;\">\n\n  <p>Welcome to our <strong>Newsroom<\/strong>   \n  a selection of featured articles<\/p>\n\n  <!-- Article 1 -->\n  <div style=\"display: flex; align-items: center; margin-bottom: 20px; border-bottom: 1px solid #ddd; padding-bottom: 15px;\">\n    <div style=\"flex: 0 0 150px; margin-right: 20px;\">\n      <img decoding=\"async\" src=\"https:\/\/ammco.be\/wp-content\/uploads\/2025\/08\/BanniereCRevue-BE-Test-Version-1400.webp\" alt=\"Logo M\u00e9dia\" style=\"max-width: 100%; border-radius: 8px;\">\n    <\/div>\n    <div style=\"flex: 1;\">\n      <h3 style=\"margin: 0;\">L\u2019infolettre du 12 mai 2025 : Vollering fait porter sa voix, la m\u00e9diatisation du cyclisme\u2026<\/h3>\n      <p style=\"margin: 5px 0; color: #555;\">Published on May 12, 2025<\/p>\n<p style=\"margin: 5px 0; color: #333;\">M\u00eame avec Lotte Kopecky, le cyclisme f\u00e9minin reste sous-repr\u00e9sent\u00e9 dans les m\u00e9dias belges\u202f: selon Ammco, seulement 10,9\u202f% des articles leur sont consacr\u00e9s. La couverture s\u2019am\u00e9liore lors des grands \u00e9v\u00e9nements, mais un vrai changement reste n\u00e9cessaire.<\/p>\n      <a href=\"https:\/\/cyclismerevue.be\/2025\/05\/12\/infolettre-du-12-mai-2025\/\" target=\"_blank\" style=\"display: inline-block; padding: 8px 15px; background-color: #0056b3; color: #fff; text-decoration: none; border-radius: 5px; font-size: 14px;\" rel=\"noopener\">\n         Read article\n      <\/a>\n    <\/div>\n  <\/div>\n\n  <!-- Article 2 -->\n  <div style=\"display: flex; align-items: center; margin-bottom: 20px; border-bottom: 1px solid #ddd; padding-bottom: 15px;\">\n    <div style=\"flex: 0 0 150px; margin-right: 20px;\">\n      <img decoding=\"async\" src=\"https:\/\/ammco.be\/wp-content\/uploads\/2025\/08\/forbes.be_.png\" alt=\"Logo M\u00e9dia\" style=\"max-width: 100%; border-radius: 8px;\">\n    <\/div>\n    <div style=\"flex: 1;\">\n      <h3 style=\"margin: 0;\">Als het gaat om generatieve Al, hebben\nBelgische media alleen oog voor ChatGPT\nen Gemini<\/h3>\n      <p style=\"margin: 5px 0; color: #555;\">Published on March 21, 2025<\/p>\n<p style=\"margin: 5px 0; color: #333;\">Volgens Ammco domineert Amerikaanse AI de Belgische media, met ChatGPT in 12.491 artikelen. Europese en Chinese spelers zoals Mistral en DeepSeek winnen aan zichtbaarheid, terwijl de sector snelle groei en nood aan duidelijke regelgeving toont.<\/p>\n      <a href=\"https:\/\/www.forbes.be\/nl\/generatieve-ai-belgische-media-chatgpt-gemini\/\" target=\"_blank\" style=\"display: inline-block; padding: 8px 15px; background-color: #0056b3; color: #fff; text-decoration: none; border-radius: 5px; font-size: 14px;\" rel=\"noopener\">\n         Read article\n      <\/a>\n    <\/div>\n  <\/div>\n\n<div style=\"display: flex; align-items: center; margin-bottom: 20px; border-bottom: 1px solid #ddd; padding-bottom: 15px;\">\n  <div style=\"flex: 0 0 150px; margin-right: 20px;\">\n    <img decoding=\"async\" src=\"https:\/\/ammco.be\/wp-content\/uploads\/2025\/08\/AA1tTggJ.jpg\" alt=\"Logo M\u00e9dia 3\" style=\"max-width: 100%; border-radius: 8px;\">\n  <\/div>\n  <div style=\"flex: 1;\">\n    <h3 style=\"margin: 0;\">Belgische media wijzen op\nAmerikaanse dominantie in Alsector <\/h3>\n    <p style=\"margin: 5px 0; color: #555;\">Published on March 21, 2025<\/p>\n    <p style=\"margin: 5px 0; color: #333;\">Ammco stelt dat Amerikaanse LLM\u2019s zoals ChatGPT (12.491 vermeldingen) en Gemini de Belgische media domineren. Europese spelers zoals Mistral en Chinese DeepSeek krijgen steeds meer aandacht, terwijl de snelle groei van AI duidelijke regelgeving vraagt.<\/p>\n    <a href=\"https:\/\/www.msn.com\/nl-be\/nieuws\/other\/belgische-media-wijzen-op-amerikaanse-dominantie-in-ai-sector\/ar-AA1BkmgZ\" target=\"_blank\" style=\"display: inline-block; padding: 8px 15px; background-color: #0056b3; color: #fff; text-decoration: none; border-radius: 5px; font-size: 14px;\" rel=\"noopener\">\n       Read article\n    <\/a>\n  <\/div>\n<\/div>\n<div style=\"display: flex; align-items: center; margin-bottom: 20px; border-bottom: 1px solid #ddd; padding-bottom: 15px;\">\n  <div style=\"flex: 0 0 150px; margin-right: 20px;\">\n    <img decoding=\"async\" src=\"https:\/\/ammco.be\/wp-content\/uploads\/2025\/08\/businessamfr_logo.jpg\" alt=\"Logo M\u00e9dia 3\" style=\"max-width: 100%; border-radius: 8px;\">\n  <\/div>\n  <div style=\"flex: 1;\">\n    <h3 style=\"margin: 0;\">Belgische media wijzen op\nAmerikaanse dominantie in Al-sector <\/h3>\n    <p style=\"margin: 5px 0; color: #555;\">Published on Mars 20, 2025<\/p>\n    <p style=\"margin: 5px 0; color: #333;\">Yunus Y\u00fccesan benadrukt de groeiende dominantie van Amerikaanse LLM\u2019s zoals ChatGPT (12.491 vermeldingen in de Belgische pers) en Gemini, terwijl Europese spelers zoals Mistral en Chinese DeepSeek steeds meer zichtbaarheid krijgen.<\/p>\n    <a href=\"https:\/\/businessam.be\/belgische-media-wijzen-op-amerikaanse-dominantie-in-ai-sector\/\" target=\"_blank\" style=\"display: inline-block; padding: 8px 15px; background-color: #0056b3; color: #fff; text-decoration: none; border-radius: 5px; font-size: 14px;\" rel=\"noopener\">\n       Read article\n    <\/a>\n  <\/div>\n<\/div>\n\n<div style=\"display: flex; align-items: center; margin-bottom: 20px; border-bottom: 1px solid #ddd; padding-bottom: 15px;\">\n  <div style=\"flex: 0 0 150px; margin-right: 20px;\">\n    <img decoding=\"async\" src=\"https:\/\/ammco.be\/wp-content\/uploads\/2025\/08\/forbes.be_.png\" alt=\"Logo M\u00e9dia 3\" style=\"max-width: 100%; border-radius: 8px;\">\n  <\/div>\n  <div style=\"flex: 1;\">\n    <h3 style=\"margin: 0;\">En mati\u00e8re d\u2019IA g\u00e9n\u00e9rative, les m\u00e9dias belges n\u2019en ont que pour ChatGPT et Gemini<\/h3>\n    <p style=\"margin: 5px 0; color: #555;\">Published on Mars 20, 2025<\/p>\n    <p style=\"margin: 5px 0; color: #333;\">Les m\u00e9dias belges se focalisent sur les LLM am\u00e9ricains ChatGPT (12.491 mentions) et Gemini, tandis que les acteurs europ\u00e9ens (Mistral +150\u202f%) et chinois (DeepSeek 899 mentions) \u00e9mergent. La croissance rapide de l\u2019IA soul\u00e8ve des enjeux \u00e9thiques et r\u00e9glementaires.<\/p>\n    <a href=\"https:\/\/www.forbes.be\/fr\/en-matiere-dia-generative-les-medias-belges-nen-ont-que-pour-chatgpt-et-gemini\/\" target=\"_blank\" style=\"display: inline-block; padding: 8px 15px; background-color: #0056b3; color: #fff; text-decoration: none; border-radius: 5px; font-size: 14px;\" rel=\"noopener\">\n       Read article\n    <\/a>\n  <\/div>\n<\/div>\n\n<div style=\"display: flex; align-items: center; margin-bottom: 20px; border-bottom: 1px solid #ddd; padding-bottom: 15px;\">\n  <div style=\"flex: 0 0 150px; margin-right: 20px;\">\n    <img decoding=\"async\" src=\"https:\/\/ammco.be\/wp-content\/uploads\/2025\/08\/businessamfr_logo.jpg\" alt=\"Logo M\u00e9dia 3\" style=\"max-width: 100%; border-radius: 8px;\">\n  <\/div>\n  <div style=\"flex: 1;\">\n    <h3 style=\"margin: 0;\">Les m\u00e9dias belges soulignent la domination des \u00c9tats-Unis dans le secteur de l\u2019IA<\/h3>\n    <p style=\"margin: 5px 0; color: #555;\">Published on Mars 20, 2025<\/p>\n    <p style=\"margin: 5px 0; color: #333;\">Une analyse d\u2019Ammco montre la domination am\u00e9ricaine dans l\u2019IA en Belgique, avec ChatGPT (12\u202f491 mentions) et Gemini en t\u00eate. Les acteurs europ\u00e9ens (Mistral +150\u202f%) et chinois (DeepSeek 899 mentions) gagnent en visibilit\u00e9, tandis que la croissance rapide de l\u2019IA exige des r\u00e8gles claires.<\/p>\n    <a href=\"https:\/\/fr.businessam.be\/les-medias-belges-soulignent-la-domination-des-etats-unis-dans-le-secteur-de-lia\/\" target=\"_blank\" style=\"display: inline-block; padding: 8px 15px; background-color: #0056b3; color: #fff; text-decoration: none; border-radius: 5px; font-size: 14px;\" rel=\"noopener\">\n       Read article\n    <\/a>\n  <\/div>\n<\/div>\n\n<div style=\"display: flex; align-items: center; margin-bottom: 20px; border-bottom: 1px solid #ddd; padding-bottom: 15px;\">\n  <div style=\"flex: 0 0 150px; margin-right: 20px;\">\n    <img decoding=\"async\" src=\"https:\/\/ammco.be\/wp-content\/uploads\/2025\/08\/logo-header-PUB.png\" alt=\"Logo M\u00e9dia 3\" style=\"max-width: 100%; border-radius: 8px;\">\n  <\/div>\n  <div style=\"flex: 1;\">\n    <h3 style=\"margin: 0;\">L&#8217;IA sous les projecteurs des m\u00e9dias belges : domination am\u00e9ricaine et ambition europ\u00e9enne<\/h3>\n    <p style=\"margin: 5px 0; color: #555;\">Published on Mars 19, 2025<\/p>\n    <p style=\"margin: 5px 0; color: #333;\">Yunus Y\u00fccesan souligne que les LLM am\u00e9ricains ChatGPT (12\u202f491 mentions) et Gemini dominent les m\u00e9dias belges. Les projets europ\u00e9ens (Mistral +150\u202f%) et chinois (DeepSeek 899 mentions) gagnent en visibilit\u00e9, alors que la croissance rapide de l\u2019IA exige des r\u00e8gles claires.<\/p>\n    <a href=\"https:\/\/pub.be\/fr\/lia-sous-les-projecteurs-des-medias-belges-domination-americaine-et-ambition-europeenne\/\" target=\"_blank\" style=\"display: inline-block; padding: 8px 15px; background-color: #0056b3; color: #fff; text-decoration: none; border-radius: 5px; font-size: 14px;\" rel=\"noopener\">\n       Read article\n    <\/a>\n  <\/div>\n<\/div>\n\n<div style=\"display: flex; align-items: center; margin-bottom: 20px; border-bottom: 1px solid #ddd; padding-bottom: 15px;\">\n  <div style=\"flex: 0 0 150px; margin-right: 20px;\">\n    <img decoding=\"async\" src=\"https:\/\/ammco.be\/wp-content\/uploads\/2025\/08\/logo-header-PUB.png\" alt=\"Logo M\u00e9dia 3\" style=\"max-width: 100%; border-radius: 8px;\">\n  <\/div>\n  <div style=\"flex: 1;\">\n    <h3 style=\"margin: 0;\">AI in de Belgische mediaschijnwerpers: Amerikaanse dominantie en Europese ambitie<\/h3>\n    <p style=\"margin: 5px 0; color: #555;\">Published on Mars 19, 2025<\/p>\n    <p style=\"margin: 5px 0; color: #333;\">Volgens een analyse van Ammco domineren Amerikaanse modellen zoals ChatGPT (12.491 vermeldingen) en Gemini de Belgische pers. Europese spelers zoals Mistral (+150%) en het Chinese DeepSeek (899 vermeldingen) winnen terrein, terwijl de snelle opmars van AI de roep om duidelijke regels versterkt.<\/p>\n    <a href=\"https:\/\/pub.be\/nl\/ai-in-de-belgische-mediaschijnwerpers-amerikaanse-dominantie-en-europese-ambitie\/\" target=\"_blank\" style=\"display: inline-block; padding: 8px 15px; background-color: #0056b3; color: #fff; text-decoration: none; border-radius: 5px; font-size: 14px;\" rel=\"noopener\">\n       Read article\n    <\/a>\n  <\/div>\n<\/div>\n\n<div style=\"display: flex; align-items: center; margin-bottom: 20px; border-bottom: 1px solid #ddd; padding-bottom: 15px;\">\n  <div style=\"flex: 0 0 150px; margin-right: 20px;\">\n    <img decoding=\"async\" src=\"https:\/\/ammco.be\/wp-content\/uploads\/2025\/08\/logo-header-PUB.png\" alt=\"Logo M\u00e9dia 3\" style=\"max-width: 100%; border-radius: 8px;\">\n  <\/div>\n  <div style=\"flex: 1;\">\n    <h3 style=\"margin: 0;\">L\u2019essor des marques chinoises dans l\u2019industrie automobile europ\u00e9enne<\/h3>\n    <p style=\"margin: 5px 0; color: #555;\">Published on Feburary, 20 2025<\/p>\n    <p style=\"margin: 5px 0; color: #333;\">La couverture m\u00e9diatique des marques chinoises a bondi de 34 % en Belgique, selon Ammco. BYD, Leapmotor et Xpeng gagnent en visibilit\u00e9, tandis qu\u2019Audi et Tesla sont fragilis\u00e9s sur le march\u00e9 europ\u00e9en.<\/p>\n    <a href=\"https:\/\/pub.be\/fr\/lessor-des-marques-chinoises-dans-lindustrie-automobile-europeenne\/\" target=\"_blank\" style=\"display: inline-block; padding: 8px 15px; background-color: #0056b3; color: #fff; text-decoration: none; border-radius: 5px; font-size: 14px;\" rel=\"noopener\">\n       Read article\n    <\/a>\n  <\/div>\n<\/div>\n\n<div style=\"display: flex; align-items: center; margin-bottom: 20px; border-bottom: 1px solid #ddd; padding-bottom: 15px;\">\n  <div style=\"flex: 0 0 150px; margin-right: 20px;\">\n    <img decoding=\"async\" src=\"https:\/\/ammco.be\/wp-content\/uploads\/2025\/08\/logo-header-PUB.png\" alt=\"Logo M\u00e9dia 3\" style=\"max-width: 100%; border-radius: 8px;\">\n  <\/div>\n  <div style=\"flex: 1;\">\n    <h3 style=\"margin: 0;\">Chinese automerken winnen de strijd om uw aandacht<\/h3>\n    <p style=\"margin: 5px 0; color: #555;\">Published on February 20, 2025<\/p>\n    <p style=\"margin: 5px 0; color: #333;\">Chinese automerken kregen 34% meer aandacht in de Belgische pers. BYD (+39%), Leapmotor en Xpeng winnen zichtbaarheid. Audi en Tesla halen veel media-aandacht, maar vaak negatief, blijkt uit Ammco\u2019s analyse.<\/p>\n    <a href=\"https:\/\/pub.be\/nl\/chinese-automerken-winnen-de-strijd-om-uw-aandacht\/\" target=\"_blank\" style=\"display: inline-block; padding: 8px 15px; background-color: #0056b3; color: #fff; text-decoration: none; border-radius: 5px; font-size: 14px;\" rel=\"noopener\">\n      Read article\n    <\/a>\n  <\/div>\n<\/div>\n\n<div style=\"display: flex; align-items: center; margin-bottom: 20px; border-bottom: 1px solid #ddd; padding-bottom: 15px;\">\n  <div style=\"flex: 0 0 150px; margin-right: 20px;\">\n    <img decoding=\"async\" src=\"https:\/\/ammco.be\/wp-content\/uploads\/2025\/08\/dhlessports.webp\" alt=\"Logo M\u00e9dia 3\" style=\"max-width: 100%; border-radius: 8px;\">\n  <\/div>\n  <div style=\"flex: 1;\">\n    <h3 style=\"margin: 0;\">Les marques automobiles chinoises gagnent la bataille\u2026 m\u00e9diatique<\/h3>\n    <p style=\"margin: 5px 0; color: #555;\">Published on February 20, 2025<\/p>\n    <p style=\"margin: 5px 0; color: #333;\">Les marques chinoises comme BYD (+39%), Leapmotor et Xpeng gagnent en visibilit\u00e9 dans la presse belge (+34%). Audi et Tesla attirent beaucoup d\u2019attention, souvent n\u00e9gative, souligne Yunus Y\u00fccesan d\u2019Ammco.<\/p>\n    <a href=\"https:\/\/www.dhnet.be\/conso\/auto-moto\/2025\/02\/20\/les-marques-automobiles-chinoises-gagnent-la-bataille-mediatique-FFWTPSWMVVEVPJPGFVIDBRP4SQ\/\" target=\"_blank\" style=\"display: inline-block; padding: 8px 15px; background-color: #0056b3; color: #fff; text-decoration: none; border-radius: 5px; font-size: 14px;\" rel=\"noopener\">\n       Read article\n    <\/a>\n  <\/div>\n<\/div>\n\n\n\n<p><\/p>\n","protected":false},"excerpt":{"rendered":"<p>Welcome to our Newsroom a selection of featured articles L\u2019infolettre du 12 mai 2025 : Vollering fait porter sa voix, la m\u00e9diatisation du cyclisme\u2026 Published on May 12, 2025 M\u00eame avec Lotte Kopecky, le cyclisme f\u00e9minin reste sous-repr\u00e9sent\u00e9 dans les m\u00e9dias belges\u202f: selon Ammco, seulement 10,9\u202f% des articles leur sont consacr\u00e9s. La couverture s\u2019am\u00e9liore lors [&hellip;]<\/p>\n","protected":false},"author":3,"featured_media":0,"parent":0,"menu_order":0,"comment_status":"closed","ping_status":"closed","template":"","meta":{"_et_pb_use_builder":"off","_et_pb_old_content":"","_et_gb_content_width":"","footnotes":""},"class_list":["post-1161","page","type-page","status-publish","hentry"],"yoast_head":"<!-- This site is optimized with the Yoast SEO plugin v27.4 - https:\/\/yoast.com\/product\/yoast-seo-wordpress\/ -->\n<title>NEWSROOM - AMMCO - Media Monitoring Print - Online - Radio\/TV- Social Media - Analyses<\/title>\n<meta name=\"robots\" content=\"index, follow, max-snippet:-1, max-image-preview:large, max-video-preview:-1\" \/>\n<link rel=\"canonical\" href=\"https:\/\/ammco.be\/nl\/newsroom\/\" \/>\n<meta property=\"og:locale\" content=\"nl_NL\" \/>\n<meta property=\"og:type\" content=\"article\" \/>\n<meta property=\"og:title\" content=\"NEWSROOM - AMMCO - Media Monitoring Print - Online - Radio\/TV- Social Media - Analyses\" \/>\n<meta property=\"og:description\" content=\"Welcome to our Newsroom a selection of featured articles L\u2019infolettre du 12 mai 2025 : Vollering fait porter sa voix, la m\u00e9diatisation du cyclisme\u2026 Published on May 12, 2025 M\u00eame avec Lotte Kopecky, le cyclisme f\u00e9minin reste sous-repr\u00e9sent\u00e9 dans les m\u00e9dias belges\u202f: selon Ammco, seulement 10,9\u202f% des articles leur sont consacr\u00e9s. La couverture s\u2019am\u00e9liore lors [&hellip;]\" \/>\n<meta property=\"og:url\" content=\"https:\/\/ammco.be\/nl\/newsroom\/\" \/>\n<meta property=\"og:site_name\" content=\"AMMCO - Media Monitoring Print - Online - Radio\/TV- Social Media - Analyses\" \/>\n<meta property=\"article:modified_time\" content=\"2025-08-29T12:53:12+00:00\" \/>\n<meta property=\"og:image\" content=\"https:\/\/ammco.be\/wp-content\/uploads\/2025\/08\/BanniereCRevue-BE-Test-Version-1400.webp\" \/>\n<meta name=\"twitter:card\" content=\"summary_large_image\" \/>\n<meta name=\"twitter:label1\" content=\"Geschatte leestijd\" \/>\n\t<meta name=\"twitter:data1\" content=\"3 minuten\" \/>\n<script type=\"application\/ld+json\" class=\"yoast-schema-graph\">{\"@context\":\"https:\\\/\\\/schema.org\",\"@graph\":[{\"@type\":\"WebPage\",\"@id\":\"https:\\\/\\\/ammco.be\\\/nl\\\/newsroom\\\/\",\"url\":\"https:\\\/\\\/ammco.be\\\/nl\\\/newsroom\\\/\",\"name\":\"NEWSROOM - AMMCO - Media Monitoring Print - Online - Radio\\\/TV- Social Media - Analyses\",\"isPartOf\":{\"@id\":\"https:\\\/\\\/ammco.be\\\/nl\\\/#website\"},\"primaryImageOfPage\":{\"@id\":\"https:\\\/\\\/ammco.be\\\/nl\\\/newsroom\\\/#primaryimage\"},\"image\":{\"@id\":\"https:\\\/\\\/ammco.be\\\/nl\\\/newsroom\\\/#primaryimage\"},\"thumbnailUrl\":\"https:\\\/\\\/ammco.be\\\/wp-content\\\/uploads\\\/2025\\\/08\\\/BanniereCRevue-BE-Test-Version-1400.webp\",\"datePublished\":\"2025-08-29T11:39:04+00:00\",\"dateModified\":\"2025-08-29T12:53:12+00:00\",\"breadcrumb\":{\"@id\":\"https:\\\/\\\/ammco.be\\\/nl\\\/newsroom\\\/#breadcrumb\"},\"inLanguage\":\"nl-NL\",\"potentialAction\":[{\"@type\":\"ReadAction\",\"target\":[\"https:\\\/\\\/ammco.be\\\/nl\\\/newsroom\\\/\"]}]},{\"@type\":\"ImageObject\",\"inLanguage\":\"nl-NL\",\"@id\":\"https:\\\/\\\/ammco.be\\\/nl\\\/newsroom\\\/#primaryimage\",\"url\":\"https:\\\/\\\/ammco.be\\\/wp-content\\\/uploads\\\/2025\\\/08\\\/BanniereCRevue-BE-Test-Version-1400.webp\",\"contentUrl\":\"https:\\\/\\\/ammco.be\\\/wp-content\\\/uploads\\\/2025\\\/08\\\/BanniereCRevue-BE-Test-Version-1400.webp\"},{\"@type\":\"BreadcrumbList\",\"@id\":\"https:\\\/\\\/ammco.be\\\/nl\\\/newsroom\\\/#breadcrumb\",\"itemListElement\":[{\"@type\":\"ListItem\",\"position\":1,\"name\":\"Accueil\",\"item\":\"https:\\\/\\\/ammco.be\\\/nl\\\/\"},{\"@type\":\"ListItem\",\"position\":2,\"name\":\"NEWSROOM\"}]},{\"@type\":\"WebSite\",\"@id\":\"https:\\\/\\\/ammco.be\\\/nl\\\/#website\",\"url\":\"https:\\\/\\\/ammco.be\\\/nl\\\/\",\"name\":\"AMMCO - Media Monitoring Print - Online - Radio\\\/TV- Social Media - Analyses\",\"description\":\"Media Monitoring Print - Online - Radio\\\/TV- Social Media - Analyses\",\"potentialAction\":[{\"@type\":\"SearchAction\",\"target\":{\"@type\":\"EntryPoint\",\"urlTemplate\":\"https:\\\/\\\/ammco.be\\\/nl\\\/?s={search_term_string}\"},\"query-input\":{\"@type\":\"PropertyValueSpecification\",\"valueRequired\":true,\"valueName\":\"search_term_string\"}}],\"inLanguage\":\"nl-NL\"}]}<\/script>\n<!-- \/ Yoast SEO plugin. -->","yoast_head_json":{"title":"NEWSROOM - AMMCO - Media Monitoring Print - Online - Radio\/TV- Social Media - Analyses","robots":{"index":"index","follow":"follow","max-snippet":"max-snippet:-1","max-image-preview":"max-image-preview:large","max-video-preview":"max-video-preview:-1"},"canonical":"https:\/\/ammco.be\/nl\/newsroom\/","og_locale":"nl_NL","og_type":"article","og_title":"NEWSROOM - AMMCO - Media Monitoring Print - Online - Radio\/TV- Social Media - Analyses","og_description":"Welcome to our Newsroom a selection of featured articles L\u2019infolettre du 12 mai 2025 : Vollering fait porter sa voix, la m\u00e9diatisation du cyclisme\u2026 Published on May 12, 2025 M\u00eame avec Lotte Kopecky, le cyclisme f\u00e9minin reste sous-repr\u00e9sent\u00e9 dans les m\u00e9dias belges\u202f: selon Ammco, seulement 10,9\u202f% des articles leur sont consacr\u00e9s. La couverture s\u2019am\u00e9liore lors [&hellip;]","og_url":"https:\/\/ammco.be\/nl\/newsroom\/","og_site_name":"AMMCO - Media Monitoring Print - Online - Radio\/TV- Social Media - Analyses","article_modified_time":"2025-08-29T12:53:12+00:00","og_image":[{"url":"https:\/\/ammco.be\/wp-content\/uploads\/2025\/08\/BanniereCRevue-BE-Test-Version-1400.webp","type":"","width":"","height":""}],"twitter_card":"summary_large_image","twitter_misc":{"Geschatte leestijd":"3 minuten"},"schema":{"@context":"https:\/\/schema.org","@graph":[{"@type":"WebPage","@id":"https:\/\/ammco.be\/nl\/newsroom\/","url":"https:\/\/ammco.be\/nl\/newsroom\/","name":"NEWSROOM - AMMCO - Media Monitoring Print - Online - Radio\/TV- Social Media - Analyses","isPartOf":{"@id":"https:\/\/ammco.be\/nl\/#website"},"primaryImageOfPage":{"@id":"https:\/\/ammco.be\/nl\/newsroom\/#primaryimage"},"image":{"@id":"https:\/\/ammco.be\/nl\/newsroom\/#primaryimage"},"thumbnailUrl":"https:\/\/ammco.be\/wp-content\/uploads\/2025\/08\/BanniereCRevue-BE-Test-Version-1400.webp","datePublished":"2025-08-29T11:39:04+00:00","dateModified":"2025-08-29T12:53:12+00:00","breadcrumb":{"@id":"https:\/\/ammco.be\/nl\/newsroom\/#breadcrumb"},"inLanguage":"nl-NL","potentialAction":[{"@type":"ReadAction","target":["https:\/\/ammco.be\/nl\/newsroom\/"]}]},{"@type":"ImageObject","inLanguage":"nl-NL","@id":"https:\/\/ammco.be\/nl\/newsroom\/#primaryimage","url":"https:\/\/ammco.be\/wp-content\/uploads\/2025\/08\/BanniereCRevue-BE-Test-Version-1400.webp","contentUrl":"https:\/\/ammco.be\/wp-content\/uploads\/2025\/08\/BanniereCRevue-BE-Test-Version-1400.webp"},{"@type":"BreadcrumbList","@id":"https:\/\/ammco.be\/nl\/newsroom\/#breadcrumb","itemListElement":[{"@type":"ListItem","position":1,"name":"Accueil","item":"https:\/\/ammco.be\/nl\/"},{"@type":"ListItem","position":2,"name":"NEWSROOM"}]},{"@type":"WebSite","@id":"https:\/\/ammco.be\/nl\/#website","url":"https:\/\/ammco.be\/nl\/","name":"AMMCO - Media Monitoring Print - Online - Radio\/TV- Social Media - Analyses","description":"Media Monitoring Print - Online - Radio\/TV- Social Media - Analyses","potentialAction":[{"@type":"SearchAction","target":{"@type":"EntryPoint","urlTemplate":"https:\/\/ammco.be\/nl\/?s={search_term_string}"},"query-input":{"@type":"PropertyValueSpecification","valueRequired":true,"valueName":"search_term_string"}}],"inLanguage":"nl-NL"}]}},"_links":{"self":[{"href":"https:\/\/ammco.be\/nl\/wp-json\/wp\/v2\/pages\/1161","targetHints":{"allow":["GET"]}}],"collection":[{"href":"https:\/\/ammco.be\/nl\/wp-json\/wp\/v2\/pages"}],"about":[{"href":"https:\/\/ammco.be\/nl\/wp-json\/wp\/v2\/types\/page"}],"author":[{"embeddable":true,"href":"https:\/\/ammco.be\/nl\/wp-json\/wp\/v2\/users\/3"}],"replies":[{"embeddable":true,"href":"https:\/\/ammco.be\/nl\/wp-json\/wp\/v2\/comments?post=1161"}],"version-history":[{"count":15,"href":"https:\/\/ammco.be\/nl\/wp-json\/wp\/v2\/pages\/1161\/revisions"}],"predecessor-version":[{"id":1196,"href":"https:\/\/ammco.be\/nl\/wp-json\/wp\/v2\/pages\/1161\/revisions\/1196"}],"wp:attachment":[{"href":"https:\/\/ammco.be\/nl\/wp-json\/wp\/v2\/media?parent=1161"}],"curies":[{"name":"wp","href":"https:\/\/api.w.org\/{rel}","templated":true}]}}